{"id":30,"date":"2022-03-01T00:01:29","date_gmt":"2022-03-01T00:01:29","guid":{"rendered":"https:\/\/medicalpc.cl\/?post_type=product&#038;p=30"},"modified":"2022-10-26T15:05:38","modified_gmt":"2022-10-26T15:05:38","slug":"mantenimiento-preventivo-pc","status":"publish","type":"product","link":"https:\/\/medicalpc.cl\/index.php\/producto\/mantenimiento-preventivo-pc\/","title":{"rendered":"Mantenimiento Preventivo PC"},"content":{"rendered":"<p>El mantenimiento preventivo se refiere a la optimizaci\u00f3n a nivel f\u00edsico como tambien a nivel l\u00f3gico, donde se hacen mejoras para darle estabilidad al equipo. Este proceso tambien esta disponible en forma \u00abREMOTA\u00bb<\/p>\n","protected":false},"excerpt":{"rendered":"<p>El mantenimiento preventivo se refiere a la optimizaci\u00f3n a nivel f\u00edsico como tambien a nivel l\u00f3gico, donde se hacen mejoras para darle estabilidad al equipo. Este proceso tambien esta disponible en forma \u00abREMOTA\u00bb<\/p>\n","protected":false},"featured_media":337,"comment_status":"open","ping_status":"closed","template":"","meta":[],"product_brand":[],"product_cat":[18],"product_tag":[19],"class_list":{"0":"post-30","1":"product","2":"type-product","3":"status-publish","4":"has-post-thumbnail","6":"product_cat-departamento-mantenimiento","7":"product_tag-mantenimiento","9":"first","10":"instock","11":"featured","12":"shipping-taxable","13":"purchasable","14":"product-type-simple"},"jetpack_sharing_enabled":true,"_links":{"self":[{"href":"https:\/\/medicalpc.cl\/index.php\/wp-json\/wp\/v2\/product\/30","targetHints":{"allow":["GET"]}}],"collection":[{"href":"https:\/\/medicalpc.cl\/index.php\/wp-json\/wp\/v2\/product"}],"about":[{"href":"https:\/\/medicalpc.cl\/index.php\/wp-json\/wp\/v2\/types\/product"}],"replies":[{"embeddable":true,"href":"https:\/\/medicalpc.cl\/index.php\/wp-json\/wp\/v2\/comments?post=30"}],"wp:featuredmedia":[{"embeddable":true,"href":"https:\/\/medicalpc.cl\/index.php\/wp-json\/wp\/v2\/media\/337"}],"wp:attachment":[{"href":"https:\/\/medicalpc.cl\/index.php\/wp-json\/wp\/v2\/media?parent=30"}],"wp:term":[{"taxonomy":"product_brand","embeddable":true,"href":"https:\/\/medicalpc.cl\/index.php\/wp-json\/wp\/v2\/product_brand?post=30"},{"taxonomy":"product_cat","embeddable":true,"href":"https:\/\/medicalpc.cl\/index.php\/wp-json\/wp\/v2\/product_cat?post=30"},{"taxonomy":"product_tag","embeddable":true,"href":"https:\/\/medicalpc.cl\/index.php\/wp-json\/wp\/v2\/product_tag?post=30"}],"curies":[{"name":"wp","href":"https:\/\/api.w.org\/{rel}","templated":true}]}}