{"id":34,"date":"2022-02-20T17:11:55","date_gmt":"2022-02-20T17:11:55","guid":{"rendered":"https:\/\/medicalpc.cl\/?post_type=product&#038;p=34"},"modified":"2022-03-30T00:31:59","modified_gmt":"2022-03-30T00:31:59","slug":"instalacion-de-programa-especifico","status":"publish","type":"product","link":"https:\/\/medicalpc.cl\/index.php\/producto\/instalacion-de-programa-especifico\/","title":{"rendered":"Instalaci\u00f3n de programa (Especifico)"},"content":{"rendered":"<div class=\"elementskit-pricing-content \">\n<p>La instalaci\u00f3n de software espec\u00edficos, se refiere a instalaci\u00f3n de programas que son necesarios para profesionales o publico en general que buscan la opci\u00f3n de invertir en emprendimientos que necesiten un software en particular.<\/p>\n<\/div>\n","protected":false},"excerpt":{"rendered":"<div class=\"elementskit-pricing-content \">\n<p>La instalaci\u00f3n de software espec\u00edficos, se refiere a instalaci\u00f3n de programas que son necesarios para profesionales o publico en general que buscan la opci\u00f3n de invertir en emprendimientos que necesiten un software en particular.<\/p>\n<\/div>\n","protected":false},"featured_media":339,"comment_status":"open","ping_status":"closed","template":"","meta":[],"product_brand":[],"product_cat":[20],"product_tag":[21],"class_list":{"0":"post-34","1":"product","2":"type-product","3":"status-publish","4":"has-post-thumbnail","6":"product_cat-departamento-de-software","7":"product_tag-instalacion-de-software","9":"first","10":"instock","11":"shipping-taxable","12":"purchasable","13":"product-type-simple"},"jetpack_sharing_enabled":true,"_links":{"self":[{"href":"https:\/\/medicalpc.cl\/index.php\/wp-json\/wp\/v2\/product\/34","targetHints":{"allow":["GET"]}}],"collection":[{"href":"https:\/\/medicalpc.cl\/index.php\/wp-json\/wp\/v2\/product"}],"about":[{"href":"https:\/\/medicalpc.cl\/index.php\/wp-json\/wp\/v2\/types\/product"}],"replies":[{"embeddable":true,"href":"https:\/\/medicalpc.cl\/index.php\/wp-json\/wp\/v2\/comments?post=34"}],"wp:featuredmedia":[{"embeddable":true,"href":"https:\/\/medicalpc.cl\/index.php\/wp-json\/wp\/v2\/media\/339"}],"wp:attachment":[{"href":"https:\/\/medicalpc.cl\/index.php\/wp-json\/wp\/v2\/media?parent=34"}],"wp:term":[{"taxonomy":"product_brand","embeddable":true,"href":"https:\/\/medicalpc.cl\/index.php\/wp-json\/wp\/v2\/product_brand?post=34"},{"taxonomy":"product_cat","embeddable":true,"href":"https:\/\/medicalpc.cl\/index.php\/wp-json\/wp\/v2\/product_cat?post=34"},{"taxonomy":"product_tag","embeddable":true,"href":"https:\/\/medicalpc.cl\/index.php\/wp-json\/wp\/v2\/product_tag?post=34"}],"curies":[{"name":"wp","href":"https:\/\/api.w.org\/{rel}","templated":true}]}}