{"id":464,"date":"2022-03-31T14:46:29","date_gmt":"2022-03-31T14:46:29","guid":{"rendered":"https:\/\/medicalpc.cl\/?post_type=product&#038;p=464"},"modified":"2022-10-26T15:09:48","modified_gmt":"2022-10-26T15:09:48","slug":"generacion-de-backup-personal","status":"publish","type":"product","link":"https:\/\/medicalpc.cl\/index.php\/producto\/generacion-de-backup-personal\/","title":{"rendered":"Generaci\u00f3n de Backup Personal"},"content":{"rendered":"<p>Se refiere a la recuperaci\u00f3n total o parcial de la informaci\u00f3n que se encuentre en una computadora, para esto, se debe tener presente que el respaldo de informaci\u00f3n personal es un proceso que es vital a la hora de rescatar sus archivos.<\/p>\n","protected":false},"excerpt":{"rendered":"<p>Se refiere a la recuperaci\u00f3n total o parcial de la informaci\u00f3n que se encuentre en una computadora, para esto, se debe tener presente que el respaldo de informaci\u00f3n personal es un proceso que es vital a la hora de rescatar sus archivos.<\/p>\n","protected":false},"featured_media":465,"comment_status":"open","ping_status":"closed","template":"","meta":[],"product_brand":[],"product_cat":[18],"product_tag":[],"class_list":{"0":"post-464","1":"product","2":"type-product","3":"status-publish","4":"has-post-thumbnail","6":"product_cat-departamento-mantenimiento","8":"first","9":"instock","10":"shipping-taxable","11":"purchasable","12":"product-type-simple"},"jetpack_sharing_enabled":true,"_links":{"self":[{"href":"https:\/\/medicalpc.cl\/index.php\/wp-json\/wp\/v2\/product\/464","targetHints":{"allow":["GET"]}}],"collection":[{"href":"https:\/\/medicalpc.cl\/index.php\/wp-json\/wp\/v2\/product"}],"about":[{"href":"https:\/\/medicalpc.cl\/index.php\/wp-json\/wp\/v2\/types\/product"}],"replies":[{"embeddable":true,"href":"https:\/\/medicalpc.cl\/index.php\/wp-json\/wp\/v2\/comments?post=464"}],"wp:featuredmedia":[{"embeddable":true,"href":"https:\/\/medicalpc.cl\/index.php\/wp-json\/wp\/v2\/media\/465"}],"wp:attachment":[{"href":"https:\/\/medicalpc.cl\/index.php\/wp-json\/wp\/v2\/media?parent=464"}],"wp:term":[{"taxonomy":"product_brand","embeddable":true,"href":"https:\/\/medicalpc.cl\/index.php\/wp-json\/wp\/v2\/product_brand?post=464"},{"taxonomy":"product_cat","embeddable":true,"href":"https:\/\/medicalpc.cl\/index.php\/wp-json\/wp\/v2\/product_cat?post=464"},{"taxonomy":"product_tag","embeddable":true,"href":"https:\/\/medicalpc.cl\/index.php\/wp-json\/wp\/v2\/product_tag?post=464"}],"curies":[{"name":"wp","href":"https:\/\/api.w.org\/{rel}","templated":true}]}}