{"id":477,"date":"2022-05-10T21:24:11","date_gmt":"2022-05-10T21:24:11","guid":{"rendered":"https:\/\/medicalpc.cl\/?post_type=product&#038;p=477"},"modified":"2022-06-05T23:57:48","modified_gmt":"2022-06-05T23:57:48","slug":"instalacion-de-office-activador-2010-2013-2016-2019-2021","status":"publish","type":"product","link":"https:\/\/medicalpc.cl\/index.php\/producto\/instalacion-de-office-activador-2010-2013-2016-2019-2021\/","title":{"rendered":"Instalaci\u00f3n de Office + Activador"},"content":{"rendered":"<p>La instalaci\u00f3n de Office m\u00e1s la activaci\u00f3n del programa, se refiere a la instalaci\u00f3n de Office seg\u00fan los requerimientos que tenga su sistema operativo, en este caso, puede ser Windows XP, Windows 7, Windows 8, Windows 8.1, Windows 10 y en todas las versiones de MAC OS que tenga su equipo.<\/p>\n<p>&nbsp;<\/p>\n<p><strong>NOTA:<\/strong> El activador puede ser eliminado de nuestro por Windows UPDATE, es por esto que recomendamos no actualizar su equipo si escoge esta alternativa. Recomendamos obtener una licencia de Microsoft Office 365 en nuestra tienda en linea.<\/p>\n","protected":false},"excerpt":{"rendered":"<p>La instalaci\u00f3n de Office m\u00e1s la activaci\u00f3n del programa, se refiere a la instalaci\u00f3n de Office seg\u00fan los requerimientos que tenga su sistema operativo, en este caso, puede ser Windows XP, Windows 7, Windows 8, Windows 8.1, Windows 10 y en todas las versiones de MAC OS que tenga su equipo.<\/p>\n<p>&nbsp;<\/p>\n<p><strong>NOTA:<\/strong> El activador puede ser eliminado de nuestro por Windows UPDATE, es por esto que recomendamos no actualizar su equipo si escoge esta alternativa. Recomendamos obtener una licencia de Microsoft Office 365 en nuestra tienda en linea.<\/p>\n","protected":false},"featured_media":478,"comment_status":"open","ping_status":"closed","template":"","meta":[],"product_brand":[],"product_cat":[20],"product_tag":[],"class_list":{"0":"post-477","1":"product","2":"type-product","3":"status-publish","4":"has-post-thumbnail","6":"product_cat-departamento-de-software","8":"first","9":"instock","10":"virtual","11":"purchasable","12":"product-type-simple"},"jetpack_sharing_enabled":true,"_links":{"self":[{"href":"https:\/\/medicalpc.cl\/index.php\/wp-json\/wp\/v2\/product\/477","targetHints":{"allow":["GET"]}}],"collection":[{"href":"https:\/\/medicalpc.cl\/index.php\/wp-json\/wp\/v2\/product"}],"about":[{"href":"https:\/\/medicalpc.cl\/index.php\/wp-json\/wp\/v2\/types\/product"}],"replies":[{"embeddable":true,"href":"https:\/\/medicalpc.cl\/index.php\/wp-json\/wp\/v2\/comments?post=477"}],"wp:featuredmedia":[{"embeddable":true,"href":"https:\/\/medicalpc.cl\/index.php\/wp-json\/wp\/v2\/media\/478"}],"wp:attachment":[{"href":"https:\/\/medicalpc.cl\/index.php\/wp-json\/wp\/v2\/media?parent=477"}],"wp:term":[{"taxonomy":"product_brand","embeddable":true,"href":"https:\/\/medicalpc.cl\/index.php\/wp-json\/wp\/v2\/product_brand?post=477"},{"taxonomy":"product_cat","embeddable":true,"href":"https:\/\/medicalpc.cl\/index.php\/wp-json\/wp\/v2\/product_cat?post=477"},{"taxonomy":"product_tag","embeddable":true,"href":"https:\/\/medicalpc.cl\/index.php\/wp-json\/wp\/v2\/product_tag?post=477"}],"curies":[{"name":"wp","href":"https:\/\/api.w.org\/{rel}","templated":true}]}}